{"id":35,"date":"2022-01-24T20:49:16","date_gmt":"2022-01-24T19:49:16","guid":{"rendered":"https:\/\/www.wohnraumbylang.at\/?page_id=35"},"modified":"2022-02-23T19:25:58","modified_gmt":"2022-02-23T18:25:58","slug":"impressum","status":"publish","type":"page","link":"https:\/\/www.wohnraumbylang.at\/?page_id=35","title":{"rendered":"Impressum"},"content":{"rendered":"<style>\/*! elementor - v3.5.5 - 03-02-2022 *\/\n.elementor-heading-title{padding:0;margin:0;line-height:1}.elementor-widget-heading .elementor-heading-title[class*=elementor-size-]>a{color:inherit;font-size:inherit;line-height:inherit}.elementor-widget-heading .elementor-heading-title.elementor-size-small{font-size:15px}.elementor-widget-heading .elementor-heading-title.elementor-size-medium{font-size:19px}.elementor-widget-heading .elementor-heading-title.elementor-size-large{font-size:29px}.elementor-widget-heading .elementor-heading-title.elementor-size-xl{font-size:39px}.elementor-widget-heading .elementor-heading-title.elementor-size-xxl{font-size:59px}<\/style>\n<h2>Impressum<\/h2>\n<h1>\u00a0<\/h1>\n<h2>INHABER DER WEBSITE<\/h2>\n<p><strong>Wohnraum by Lang e.U.<br \/>G\u00fcnther Lang<\/strong><br \/>A \u2013 8200 Gleisdorf, Pirching 95\/1<br \/>Tel.: +43 (0)664\/822 39 15<br \/>E-Mail: office@wohnraumbylang.at<br \/>www.wohnraumbylang.at<\/p>\n<h2>HAFTUNGSAUSSCHLUSS<\/h2>\n<p>Die Inhalte dieser Webseiten werden mit gr\u00f6\u00dftm\u00f6glicher Sorgfalt recherchiert und implementiert. Fehler im Bearbeitungsvorgang sind dennoch nicht auszuschlie\u00dfen. Es wird daher keine Gew\u00e4hr f\u00fcr die Richtigkeit und Vollst\u00e4ndigkeit der angebotenen Informationen \u00fcbernommen. Trotz sorgf\u00e4ltiger inhaltlicher Kontrolle \u00fcbernehmen wir keine Haftung f\u00fcr die Inhalte externer Links. F\u00fcr den Inhalt der verlinkten Seiten sind ausschlie\u00dflich deren Betreiber verantwortlich. F\u00fcr den Fall, dass Verlinkungen durch fremde Internetseiten erfolgen, die einen rechtswidrigen Inhalt aufweisen oder sonst geeignet sein k\u00f6nnten, den Interessen oder dem Ansehen unseres Unternehmens zu schaden, werden rechtliche Schritte vorbehalten.\u00a0Alle Angaben k\u00f6nnen ohne vorherige Ank\u00fcndigung erg\u00e4nzt, entfernt oder ge\u00e4ndert werden.<\/p>\n<h2>COPYRIGHTHINWEISE<\/h2>\n<p>Alle auf dieser Webseite genannten Produktnamen, Produktbezeichnungen und Logos sind eingetragene Warenzeichen und Eigentum der jeweiligen Rechteinhaber.S\u00e4mtliche Informationen, Dokumente, Artikel und Fotografien auf dieser Webseite unterliegen dem Copyright und sind urheberrechtlich gesch\u00fctzt. Jegliche Weiterverwendung bedarf der ausdr\u00fccklichen Genehmigung. Alle Rechte bleiben vorbehalten.<\/p>\n<h2>DATENSCHUTZERKL\u00c4RUNG<\/h2>\n<p>Der Schutz Ihrer pers\u00f6nlichen Daten ist uns ein besonderes Anliegen. Wir verarbeiten Ihre Daten daher ausschlie\u00dflich auf Grundlage der gesetzlichen Bestimmungen (DSGVO, TKG 2003). In diesen Datenschutzinformationen informieren wir Sie \u00fcber die wichtigsten Aspekte der Datenverarbeitung im Rahmen unserer Website.<\/p>\n<h2>KONTAKT MIT UNS<\/h2>\n<p>Wenn Sie per E-Mail Kontakt mit uns aufnehmen, werden Ihre angegebenen Daten zwecks Bearbeitung der Anfrage und f\u00fcr den Fall von Anschlussfragen sechs Monate bei uns gespeichert. Diese Daten geben wir nicht ohne Ihre Einwilligung weiter.<br \/>Die von Ihnen bereit gestellten Daten sind zur Vertragserf\u00fcllung bzw zur Durchf\u00fchrung vorvertraglicher Ma\u00dfnahmen (Terminvereinbarung) erforderlich. Ohne diese Daten k\u00f6nnen wir den Vertrag mit Ihnen nicht abschlie\u00dfen. Eine Daten\u00fcbermittlung an Dritte erfolgt nicht. Nach Erf\u00fcllung und Ablauf des vereinbarten Termines werden die bei uns gespeicherten Daten gel\u00f6scht. Im Falle eines Vertragsabschlusses werden s\u00e4mtliche Daten aus dem Vertragsverh\u00e4ltnis bis zum Ablauf der steuerrechtlichen Aufbewahrungsfrist (7 Jahre) gespeichert.<\/p>\n<p>Die Daten Name, Anschrift, gekaufte Waren und Kaufdatum werden dar\u00fcber hinaus gehend bis zum Ablauf der Produkthaftung (10 Jahre) gespeichert. Die Datenverarbeitung erfolgt auf Basis der gesetzlichen Bestimmungen des \u00a7 96 Abs 3 TKG sowie des Art 6 Abs 1 lit a (Einwilligung) und\/oder lit b (notwendig zur Vertragserf\u00fcllung) der DSGVO.<\/p>\n<h2>\u201eBROWSERDATEN\u201c VERBINDUNGSDATEN<\/h2>\n<p>Beim Besuch unserer Website werden durch den auf Ihrem Endger\u00e4t verwendeten Browser automatisch Informationen an den Server unserer Website gesendet. Diese Informationen werden tempor\u00e4r in einem sog. Logfile gespeichert. Folgende Informationen werden dabei ohne Ihr Zutun erfasst und bis zur automatisierten L\u00f6schung gespeichert:<\/p>\n<ul>\n<li>IP-Adresse des anfragenden Rechners<\/li>\n<li>Datum und Uhrzeit des Zugriffs<\/li>\n<li>Name und URL der abgerufenen Datei<\/li>\n<li>Website, von der aus der Zugriff erfolgt<\/li>\n<li>verwendeter Browser und ggf. das Betriebssystem Ihres Rechners sowie der Name Ihres Access-Providers<\/li>\n<\/ul>\n<p>Die angef\u00fchrten Daten werden f\u00fcr den reibungslosen Verbindungsaufbau der Webseite ben\u00f6tigt.<br \/>Die Rechtsgrundlage f\u00fcr die Datenverarbeitung ist Art. 6 Abs. 1 S. 1 lit. f DSGVO. Unser berechtigtes Interesse folgt aus oben aufgelisteten Zwecken zur Datenerhebung. In keinem Fall verwenden wir die erhobenen Daten zu dem Zweck, R\u00fcckschl\u00fcsse auf Ihre Person zu ziehen.<\/p>\n<h2>IHRE RECHTE<\/h2>\n<p>Ihnen stehen grunds\u00e4tzlich die Rechte auf Auskunft, Berichtigung, L\u00f6schung, Einschr\u00e4nkung, Daten\u00fcbertragbarkeit, Widerruf und Widerspruch zu. Wenn Sie glauben, dass die Verarbeitung Ihrer Daten gegen das Datenschutzrecht verst\u00f6sst oder Ihre datenschutzrechtlichen Anspr\u00fcche sonst in einer Weise verletzt worden sind, k\u00f6nnen Sie sich bei der Aufsichtsbeh\u00f6rde beschweren. In \u00d6sterreich ist dies die Datenschutzbeh\u00f6rde.<\/p>\n<h2>SIE ERREICHEN UNS UNTER FOLGENDEN KONTAKTDATEN:<\/h2>\n<p>G\u00fcnther Lang<br \/>Pirching 95\/1<br \/>A-8200 Gleisdorf<br \/>Tel.: +43 (0)664\/822 39 15<br \/>E-Mail:\u00a0office@wohnraumbylang.at<\/p>\n<p>\u00a0<\/p>\n","protected":false},"excerpt":{"rendered":"<p>Impressum \u00a0 INHABER DER WEBSITE Wohnraum by Lang e.U.G\u00fcnther LangA \u2013 8200 Gleisdorf, Pirching 95\/1Tel.: +43 (0)664\/822 39 15E-Mail: office@wohnraumbylang.atwww.wohnraumbylang.at HAFTUNGSAUSSCHLUSS Die Inhalte dieser Webseiten werden mit gr\u00f6\u00dftm\u00f6glicher Sorgfalt recherchiert und implementiert. Fehler im Bearbeitungsvorgang sind dennoch nicht auszuschlie\u00dfen. Es wird daher keine Gew\u00e4hr f\u00fcr die Richtigkeit und Vollst\u00e4ndigkeit der angebotenen Informationen \u00fcbernommen. Trotz sorgf\u00e4ltiger [&hellip;]<\/p>\n","protected":false},"author":1,"featured_media":0,"parent":0,"menu_order":0,"comment_status":"closed","ping_status":"closed","template":"elementor_header_footer","meta":{"ocean_post_layout":"full-screen","ocean_both_sidebars_style":"","ocean_both_sidebars_content_width":0,"ocean_both_sidebars_sidebars_width":0,"ocean_sidebar":"0","ocean_second_sidebar":"0","ocean_disable_margins":"enable","ocean_add_body_class":"","ocean_shortcode_before_top_bar":"","ocean_shortcode_after_top_bar":"","ocean_shortcode_before_header":"","ocean_shortcode_after_header":"","ocean_has_shortcode":"","ocean_shortcode_after_title":"","ocean_shortcode_before_footer_widgets":"","ocean_shortcode_after_footer_widgets":"","ocean_shortcode_before_footer_bottom":"","ocean_shortcode_after_footer_bottom":"","ocean_display_top_bar":"off","ocean_display_header":"on","ocean_header_style":"","ocean_center_header_left_menu":"0","ocean_custom_header_template":"0","ocean_custom_logo":0,"ocean_custom_retina_logo":0,"ocean_custom_logo_max_width":0,"ocean_custom_logo_tablet_max_width":0,"ocean_custom_logo_mobile_max_width":0,"ocean_custom_logo_max_height":0,"ocean_custom_logo_tablet_max_height":0,"ocean_custom_logo_mobile_max_height":0,"ocean_header_custom_menu":"0","ocean_menu_typo_font_family":"0","ocean_menu_typo_font_subset":"","ocean_menu_typo_font_size":0,"ocean_menu_typo_font_size_tablet":0,"ocean_menu_typo_font_size_mobile":0,"ocean_menu_typo_font_size_unit":"px","ocean_menu_typo_font_weight":"","ocean_menu_typo_font_weight_tablet":"","ocean_menu_typo_font_weight_mobile":"","ocean_menu_typo_transform":"","ocean_menu_typo_transform_tablet":"","ocean_menu_typo_transform_mobile":"","ocean_menu_typo_line_height":0,"ocean_menu_typo_line_height_tablet":0,"ocean_menu_typo_line_height_mobile":0,"ocean_menu_typo_line_height_unit":"","ocean_menu_typo_spacing":0,"ocean_menu_typo_spacing_tablet":0,"ocean_menu_typo_spacing_mobile":0,"ocean_menu_typo_spacing_unit":"","ocean_menu_link_color":"","ocean_menu_link_color_hover":"","ocean_menu_link_color_active":"","ocean_menu_link_background":"","ocean_menu_link_hover_background":"","ocean_menu_link_active_background":"","ocean_menu_social_links_bg":"","ocean_menu_social_hover_links_bg":"","ocean_menu_social_links_color":"","ocean_menu_social_hover_links_color":"","ocean_disable_title":"on","ocean_disable_heading":"default","ocean_post_title":"","ocean_post_subheading":"","ocean_post_title_style":"","ocean_post_title_background_color":"","ocean_post_title_background":0,"ocean_post_title_bg_image_position":"","ocean_post_title_bg_image_attachment":"","ocean_post_title_bg_image_repeat":"","ocean_post_title_bg_image_size":"","ocean_post_title_height":0,"ocean_post_title_bg_overlay":0.5,"ocean_post_title_bg_overlay_color":"","ocean_disable_breadcrumbs":"default","ocean_breadcrumbs_color":"","ocean_breadcrumbs_separator_color":"","ocean_breadcrumbs_links_color":"","ocean_breadcrumbs_links_hover_color":"","ocean_display_footer_widgets":"off","ocean_display_footer_bottom":"on","ocean_custom_footer_template":"0","footnotes":""},"class_list":["post-35","page","type-page","status-publish","hentry","entry"],"yoast_head":"<!-- This site is optimized with the Yoast SEO plugin v27.3 - https:\/\/yoast.com\/product\/yoast-seo-wordpress\/ -->\n<title>Impressum - Wohnraumbylang<\/title>\n<meta name=\"robots\" content=\"noindex, follow, max-snippet:-1, max-image-preview:large, max-video-preview:-1\" \/>\n<meta property=\"og:locale\" content=\"de_DE\" \/>\n<meta property=\"og:type\" content=\"article\" \/>\n<meta property=\"og:title\" content=\"Impressum - Wohnraumbylang\" \/>\n<meta property=\"og:description\" content=\"Impressum \u00a0 INHABER DER WEBSITE Wohnraum by Lang e.U.G\u00fcnther LangA \u2013 8200 Gleisdorf, Pirching 95\/1Tel.: +43 (0)664\/822 39 15E-Mail: office@wohnraumbylang.atwww.wohnraumbylang.at HAFTUNGSAUSSCHLUSS Die Inhalte dieser Webseiten werden mit gr\u00f6\u00dftm\u00f6glicher Sorgfalt recherchiert und implementiert. Fehler im Bearbeitungsvorgang sind dennoch nicht auszuschlie\u00dfen. Es wird daher keine Gew\u00e4hr f\u00fcr die Richtigkeit und Vollst\u00e4ndigkeit der angebotenen Informationen \u00fcbernommen. Trotz sorgf\u00e4ltiger [&hellip;]\" \/>\n<meta property=\"og:url\" content=\"https:\/\/www.wohnraumbylang.at\/?page_id=35\" \/>\n<meta property=\"og:site_name\" content=\"Wohnraumbylang\" \/>\n<meta property=\"article:modified_time\" content=\"2022-02-23T18:25:58+00:00\" \/>\n<meta name=\"twitter:card\" content=\"summary_large_image\" \/>\n<meta name=\"twitter:label1\" content=\"Gesch\u00e4tzte Lesezeit\" \/>\n\t<meta name=\"twitter:data1\" content=\"3\u00a0Minuten\" \/>\n<script type=\"application\/ld+json\" class=\"yoast-schema-graph\">{\"@context\":\"https:\\\/\\\/schema.org\",\"@graph\":[{\"@type\":\"WebPage\",\"@id\":\"https:\\\/\\\/www.wohnraumbylang.at\\\/?page_id=35\",\"url\":\"https:\\\/\\\/www.wohnraumbylang.at\\\/?page_id=35\",\"name\":\"Impressum - Wohnraumbylang\",\"isPartOf\":{\"@id\":\"https:\\\/\\\/www.wohnraumbylang.at\\\/#website\"},\"datePublished\":\"2022-01-24T19:49:16+00:00\",\"dateModified\":\"2022-02-23T18:25:58+00:00\",\"breadcrumb\":{\"@id\":\"https:\\\/\\\/www.wohnraumbylang.at\\\/?page_id=35#breadcrumb\"},\"inLanguage\":\"de\",\"potentialAction\":[{\"@type\":\"ReadAction\",\"target\":[\"https:\\\/\\\/www.wohnraumbylang.at\\\/?page_id=35\"]}]},{\"@type\":\"BreadcrumbList\",\"@id\":\"https:\\\/\\\/www.wohnraumbylang.at\\\/?page_id=35#breadcrumb\",\"itemListElement\":[{\"@type\":\"ListItem\",\"position\":1,\"name\":\"Startseite\",\"item\":\"https:\\\/\\\/www.wohnraumbylang.at\\\/\"},{\"@type\":\"ListItem\",\"position\":2,\"name\":\"Impressum\"}]},{\"@type\":\"WebSite\",\"@id\":\"https:\\\/\\\/www.wohnraumbylang.at\\\/#website\",\"url\":\"https:\\\/\\\/www.wohnraumbylang.at\\\/\",\"name\":\"Wohnraumbylang\",\"description\":\"Montageservice f\u00fcr Einbauk\u00fcchen und mehr\",\"publisher\":{\"@id\":\"https:\\\/\\\/www.wohnraumbylang.at\\\/#organization\"},\"potentialAction\":[{\"@type\":\"SearchAction\",\"target\":{\"@type\":\"EntryPoint\",\"urlTemplate\":\"https:\\\/\\\/www.wohnraumbylang.at\\\/?s={search_term_string}\"},\"query-input\":{\"@type\":\"PropertyValueSpecification\",\"valueRequired\":true,\"valueName\":\"search_term_string\"}}],\"inLanguage\":\"de\"},{\"@type\":\"Organization\",\"@id\":\"https:\\\/\\\/www.wohnraumbylang.at\\\/#organization\",\"name\":\"Wohnraumbylang\",\"url\":\"https:\\\/\\\/www.wohnraumbylang.at\\\/\",\"logo\":{\"@type\":\"ImageObject\",\"inLanguage\":\"de\",\"@id\":\"https:\\\/\\\/www.wohnraumbylang.at\\\/#\\\/schema\\\/logo\\\/image\\\/\",\"url\":\"https:\\\/\\\/www.wohnraumbylang.at\\\/wp-content\\\/uploads\\\/2022\\\/01\\\/wohnraumbylang.jpg\",\"contentUrl\":\"https:\\\/\\\/www.wohnraumbylang.at\\\/wp-content\\\/uploads\\\/2022\\\/01\\\/wohnraumbylang.jpg\",\"width\":1000,\"height\":203,\"caption\":\"Wohnraumbylang\"},\"image\":{\"@id\":\"https:\\\/\\\/www.wohnraumbylang.at\\\/#\\\/schema\\\/logo\\\/image\\\/\"}}]}<\/script>\n<!-- \/ Yoast SEO plugin. -->","yoast_head_json":{"title":"Impressum - Wohnraumbylang","robots":{"index":"noindex","follow":"follow","max-snippet":"max-snippet:-1","max-image-preview":"max-image-preview:large","max-video-preview":"max-video-preview:-1"},"og_locale":"de_DE","og_type":"article","og_title":"Impressum - Wohnraumbylang","og_description":"Impressum \u00a0 INHABER DER WEBSITE Wohnraum by Lang e.U.G\u00fcnther LangA \u2013 8200 Gleisdorf, Pirching 95\/1Tel.: +43 (0)664\/822 39 15E-Mail: office@wohnraumbylang.atwww.wohnraumbylang.at HAFTUNGSAUSSCHLUSS Die Inhalte dieser Webseiten werden mit gr\u00f6\u00dftm\u00f6glicher Sorgfalt recherchiert und implementiert. Fehler im Bearbeitungsvorgang sind dennoch nicht auszuschlie\u00dfen. Es wird daher keine Gew\u00e4hr f\u00fcr die Richtigkeit und Vollst\u00e4ndigkeit der angebotenen Informationen \u00fcbernommen. Trotz sorgf\u00e4ltiger [&hellip;]","og_url":"https:\/\/www.wohnraumbylang.at\/?page_id=35","og_site_name":"Wohnraumbylang","article_modified_time":"2022-02-23T18:25:58+00:00","twitter_card":"summary_large_image","twitter_misc":{"Gesch\u00e4tzte Lesezeit":"3\u00a0Minuten"},"schema":{"@context":"https:\/\/schema.org","@graph":[{"@type":"WebPage","@id":"https:\/\/www.wohnraumbylang.at\/?page_id=35","url":"https:\/\/www.wohnraumbylang.at\/?page_id=35","name":"Impressum - Wohnraumbylang","isPartOf":{"@id":"https:\/\/www.wohnraumbylang.at\/#website"},"datePublished":"2022-01-24T19:49:16+00:00","dateModified":"2022-02-23T18:25:58+00:00","breadcrumb":{"@id":"https:\/\/www.wohnraumbylang.at\/?page_id=35#breadcrumb"},"inLanguage":"de","potentialAction":[{"@type":"ReadAction","target":["https:\/\/www.wohnraumbylang.at\/?page_id=35"]}]},{"@type":"BreadcrumbList","@id":"https:\/\/www.wohnraumbylang.at\/?page_id=35#breadcrumb","itemListElement":[{"@type":"ListItem","position":1,"name":"Startseite","item":"https:\/\/www.wohnraumbylang.at\/"},{"@type":"ListItem","position":2,"name":"Impressum"}]},{"@type":"WebSite","@id":"https:\/\/www.wohnraumbylang.at\/#website","url":"https:\/\/www.wohnraumbylang.at\/","name":"Wohnraumbylang","description":"Montageservice f\u00fcr Einbauk\u00fcchen und mehr","publisher":{"@id":"https:\/\/www.wohnraumbylang.at\/#organization"},"potentialAction":[{"@type":"SearchAction","target":{"@type":"EntryPoint","urlTemplate":"https:\/\/www.wohnraumbylang.at\/?s={search_term_string}"},"query-input":{"@type":"PropertyValueSpecification","valueRequired":true,"valueName":"search_term_string"}}],"inLanguage":"de"},{"@type":"Organization","@id":"https:\/\/www.wohnraumbylang.at\/#organization","name":"Wohnraumbylang","url":"https:\/\/www.wohnraumbylang.at\/","logo":{"@type":"ImageObject","inLanguage":"de","@id":"https:\/\/www.wohnraumbylang.at\/#\/schema\/logo\/image\/","url":"https:\/\/www.wohnraumbylang.at\/wp-content\/uploads\/2022\/01\/wohnraumbylang.jpg","contentUrl":"https:\/\/www.wohnraumbylang.at\/wp-content\/uploads\/2022\/01\/wohnraumbylang.jpg","width":1000,"height":203,"caption":"Wohnraumbylang"},"image":{"@id":"https:\/\/www.wohnraumbylang.at\/#\/schema\/logo\/image\/"}}]}},"_links":{"self":[{"href":"https:\/\/www.wohnraumbylang.at\/index.php?rest_route=\/wp\/v2\/pages\/35","targetHints":{"allow":["GET"]}}],"collection":[{"href":"https:\/\/www.wohnraumbylang.at\/index.php?rest_route=\/wp\/v2\/pages"}],"about":[{"href":"https:\/\/www.wohnraumbylang.at\/index.php?rest_route=\/wp\/v2\/types\/page"}],"author":[{"embeddable":true,"href":"https:\/\/www.wohnraumbylang.at\/index.php?rest_route=\/wp\/v2\/users\/1"}],"replies":[{"embeddable":true,"href":"https:\/\/www.wohnraumbylang.at\/index.php?rest_route=%2Fwp%2Fv2%2Fcomments&post=35"}],"version-history":[{"count":20,"href":"https:\/\/www.wohnraumbylang.at\/index.php?rest_route=\/wp\/v2\/pages\/35\/revisions"}],"predecessor-version":[{"id":335,"href":"https:\/\/www.wohnraumbylang.at\/index.php?rest_route=\/wp\/v2\/pages\/35\/revisions\/335"}],"wp:attachment":[{"href":"https:\/\/www.wohnraumbylang.at\/index.php?rest_route=%2Fwp%2Fv2%2Fmedia&parent=35"}],"curies":[{"name":"wp","href":"https:\/\/api.w.org\/{rel}","templated":true}]}}