{"id":29,"date":"2022-01-24T20:47:58","date_gmt":"2022-01-24T19:47:58","guid":{"rendered":"https:\/\/www.wohnraumbylang.at\/?page_id=29"},"modified":"2022-02-23T19:29:48","modified_gmt":"2022-02-23T18:29:48","slug":"datenschutz","status":"publish","type":"page","link":"https:\/\/www.wohnraumbylang.at\/?page_id=29","title":{"rendered":"Datenschutz"},"content":{"rendered":"<style>\/*! elementor - v3.5.5 - 03-02-2022 *\/\n.elementor-heading-title{padding:0;margin:0;line-height:1}.elementor-widget-heading .elementor-heading-title[class*=elementor-size-]>a{color:inherit;font-size:inherit;line-height:inherit}.elementor-widget-heading .elementor-heading-title.elementor-size-small{font-size:15px}.elementor-widget-heading .elementor-heading-title.elementor-size-medium{font-size:19px}.elementor-widget-heading .elementor-heading-title.elementor-size-large{font-size:29px}.elementor-widget-heading .elementor-heading-title.elementor-size-xl{font-size:39px}.elementor-widget-heading .elementor-heading-title.elementor-size-xxl{font-size:59px}<\/style>\n<h2>Datenschutzerkl\u00e4rung<\/h2>\n<p>Die Betreiber dieser Seiten nehmen den Schutz Ihrer pers\u00f6nlichen Daten sehr ernst. Wir behandeln Ihre personenbezogenen Daten vertraulich und entsprechend der gesetzlichen Datenschutzvorschriften (DSG, DSGVO, TKG 2003) sowie dieser Datenschutzerkl\u00e4rung.<\/p>\n<p>Verantwortlicher f\u00fcr die Datenverarbeitung ist<br \/>Wohnraum by Lang e.U.<br \/>Pirching 95\/1,\u00a0A-8200 Gleisdorf<br \/>Tel: +43 664 822 39 15<br \/>E-Mail:\u00a0<a href=\"mailto:office@wohnraumbylang.at\">office@wohnraumbylang.at<\/a><br \/>www.wohnraumbylang.at<\/p>\n<p>Die Nutzung unserer Website ist in der Regel ohne Angabe personenbezogener Daten m\u00f6glich. Soweit auf unseren Seiten personenbezogene Daten (beispielsweise Name, Anschrift oder E-Mail-Adressen) erhoben werden, erfolgt dies, soweit m\u00f6glich, stets auf freiwilliger Basis. Diese Daten werden ohne Ihre ausdr\u00fcckliche Zustimmung nicht an Dritte weitergegeben.<\/p>\n<p>Wir weisen darauf hin, dass die Daten\u00fcbertragung im Internet (z.B. bei der Kommunikation per E-Mail) Sicherheitsl\u00fccken aufweisen kann. Ein l\u00fcckenloser Schutz der Daten vor dem Zugriff durch Dritte ist nicht m\u00f6glich.<\/p>\n<p>Wir erheben folgende Daten von Ihnen:<\/p>\n<h2><strong>DATEN, DIE AUF UNSERER WEBSITE ERHOBEN WERDEN<\/strong><\/h2>\n<p>Wenn Sie unsere Website besuchen, protokollieren wir Ihre IP-Adresse (d.h. die Internetadresse Ihres Computers, nicht Ihre E-Mail-Adresse) und andere allgemeine Nutzungsdaten, um zu beurteilen, welche Teile unserer Website Sie besuchen und wie lange Sie dort bleiben. Diese Daten werden mit den Nutzungsdaten aller Besucher unserer Website zusammengef\u00fchrt, um die Zahl der Besucher, die durchschnittliche Verbleibzeit auf einer Seite, die aufgerufenen Seiten usw. zu messen. Diese von uns gesammelten Daten, werden wir nach Vorgaben unseres anonymisierten Verfahrens f\u00fcr interne Zwecke verwenden. Ein R\u00fcckschluss auf sie als Person, ist hierbei nicht m\u00f6glich.<\/p>\n<p>Wir benutzen diese zusammengef\u00fchrten Daten daf\u00fcr, unsere Produkte und Dienstleistungen zu bewerten einschlie\u00dflich der Neuigkeiten, die wir \u00fcber unsere Website zug\u00e4nglich machen, und um die Nutzung unserer Website zu messen und insgesamt deren Inhalt zu verbessern. Die Nutzungsdaten unserer Website werden keinesfalls mit personenbezogenen Daten verkn\u00fcpft, die etwas \u00fcber Sie aussagen w\u00fcrden.<\/p>\n<p>Wir behalten uns jedoch vor, die Informationen nachtr\u00e4glich zu \u00fcberpr\u00fcfen, wenn aufgrund konkreter Anhaltspunkte der berechtigte Verdacht einer rechtswidrigen Nutzung besteht.<\/p>\n<h2><strong>SSL-VERSCHL\u00dcSSELUNG<\/strong><\/h2>\n<p>Diese Seite nutzt aus Gr\u00fcnden der Sicherheit und zum Schutz der \u00dcbertragung vertraulicher Inhalte, wie zum Beispiel der Anfragen, die Sie an uns als Seitenbetreiber senden, eine SSL-Verschl\u00fcsselung. Eine verschl\u00fcsselte Verbindung erkennen Sie daran, dass die Adresszeile des Browsers von \u201ehttp:\/\/\u201c auf \u201ehttps:\/\/\u201c wechselt und an dem Schloss-Symbol in Ihrer Browserzeile.<\/p>\n<p>Wenn die SSL Verschl\u00fcsselung aktiviert ist, k\u00f6nnen die Daten, die Sie an uns \u00fcbermitteln, nicht von Dritten mitgelesen werden.<\/p>\n<h2><strong>DATENSCHUTZERKL\u00c4RUNG F\u00dcR DIE NUTZUNG VON GOOGLE ANALYTICS<\/strong><\/h2>\n<p>Hinweise zu Google Analytics:<\/p>\n<p>Diese Website benutzt Google Analytics, einen Webanalysedienst der Google Inc. (\u201eGoogle\u201c). Google Analytics verwendet sog. \u201eCookies\u201c, Textdateien, die auf Ihrem Computer gespeichert werden und die eine Analyse der Benutzung der Website durch Sie erm\u00f6glichen. Die durch den Cookie erzeugten Informationen \u00fcber Ihre Benutzung dieser Website (einschlie\u00dflich Ihrer IP-Adresse) wird an einen Server von Google in den USA \u00fcbertragen und dort gespeichert. Google wird diese Informationen benutzen, um Ihre Nutzung der Website auszuwerten, um Reports \u00fcber die Websiteaktivit\u00e4ten f\u00fcr die Websitebetreiber zusammenzustellen und um weitere mit der Websitenutzung und der Internetnutzung verbundene Dienstleistungen zu erbringen. Auch wird Google diese Informationen gegebenenfalls an Dritte \u00fcbertragen, sofern dies gesetzlich vorgeschrieben oder soweit Dritte diese Daten im Auftrag von Google verarbeiten. Google wird in keinem Fall Ihre IP-Adresse mit anderen Daten von Google in Verbindung bringen. Sie k\u00f6nnen die Installation der Cookies durch eine entsprechende Einstellung Ihrer Browser Software verhindern; wir weisen Sie jedoch darauf hin, dass Sie in diesem Fall gegebenenfalls nicht s\u00e4mtliche Funktionen dieser Website vollumf\u00e4nglich nutzen k\u00f6nnen. Durch die Nutzung dieser Website erkl\u00e4ren Sie sich mit der Bearbeitung der \u00fcber Sie erhobenen Daten durch Google in der zuvor beschriebenen Art und Weise und zu dem zuvor benannten Zweck einverstanden.<\/p>\n<p>Sie k\u00f6nnen dar\u00fcber hinaus die Erfassung der durch das Cookie erzeugten und auf Ihre Nutzung der Website bezogenen Daten (inkl. Ihrer IP-Adresse) an Google sowie die Verarbeitung dieser Daten durch Google verhindern, indem sie das unter dem folgenden Link verf\u00fcgbare Browser-Plugin herunterladen und installieren:\u00a0<a href=\"http:\/\/tools.google.com\/dlpage\/gaoptout?hl=de\"><strong>tools.google.com\/dlpage\/gaoptout<\/strong><\/a>.<\/p>\n<h2><strong>DATENSCHUTZERKL\u00c4RUNG F\u00dcR DIE NUTZUNG VON FACEBOOK-PLUGINS (LIKE-BUTTON)<\/strong><\/h2>\n<p>Auf unseren Seiten sind Plugins des sozialen Netzwerks Facebook, Anbieter Facebook Inc., 1 Hacker Way, Menlo Park, California 94025, USA, integriert. Die Facebook-Plugins erkennen Sie an dem Facebook-Logo oder dem \u201eLike-Button\u201c (\u201eGef\u00e4llt mir\u201c) auf unserer Seite. Eine \u00dcbersicht \u00fcber die Facebook-Plugins finden Sie hier:\u00a0<a href=\"http:\/\/developers.facebook.com\/docs\/plugins\/\"><strong>http:\/\/developers.facebook.com\/docs\/plugins\/<\/strong><\/a>.<\/p>\n<p>Wenn Sie unsere Seiten besuchen, wird \u00fcber das Plugin eine direkte Verbindung zwischen Ihrem Browser und dem Facebook-Server hergestellt. Facebook erh\u00e4lt dadurch die Information, dass Sie mit Ihrer IP-Adresse unsere Seite besucht haben. Wenn Sie den Facebook \u201eLike-Button\u201c anklicken w\u00e4hrend Sie in Ihrem Facebook-Account eingeloggt sind, k\u00f6nnen Sie die Inhalte unserer Seiten auf Ihrem Facebook-Profil verlinken. Dadurch kann Facebook den Besuch unserer Seiten Ihrem Benutzerkonto zuordnen. Wir weisen darauf hin, dass wir als Anbieter der Seiten keine Kenntnis vom Inhalt der \u00fcbermittelten Daten sowie deren Nutzung durch Facebook erhalten. Weitere Informationen hierzu finden Sie in der Datenschutzerkl\u00e4rung von Facebook unter\u00a0<a href=\"http:\/\/de-de.facebook.com\/policy.php\"><strong>http:\/\/de-de.facebook.com\/policy.php<\/strong><\/a>.<\/p>\n<p>Wenn Sie nicht w\u00fcnschen, dass Facebook den Besuch unserer Seiten Ihrem Facebook-Nutzerkonto zuordnen kann, loggen Sie sich bitte aus Ihrem Facebook-Benutzerkonto aus.<\/p>\n<h2><strong>LINKS<\/strong><\/h2>\n<p>Diese Website enth\u00e4lt Links zu anderen Websites. Manche dieser anderen Websites verwenden gegebenenfalls Danstore G\u00fcnther Lang Logos und m\u00f6gen deshalb aussehen wie von Danstore G\u00fcnther Lang betriebene Websites, werden aber tats\u00e4chlich von unabh\u00e4ngigen Dritten betrieben. Dies sollte entsprechend auf der Internetseite oder in den Nutzungsbedingungen oder Datenschutzrichtlinien (\u201ePrivacy Policies\u201c) dargestellt sein. Danstore G\u00fcnther Lang hat keine Kontrolle \u00fcber den Inhalt oder den Betrieb der Websites Dritter und ist nicht verantwortlich f\u00fcr Informationen, die auf diesen Websites enthalten sind. Gleicherma\u00dfen ist\u00a0 WohnruambyLang nicht verantwortlich f\u00fcr die Erf\u00fcllung von Bestellungen oder Dienstleistungen, die \u00fcber eine solche Website bestellt worden sind, noch ist WohnraumbyLang verantwortlich f\u00fcr die Datenschutzrichtlinien (\u201ePrivacy Policies\u201c) von solchen Websites und die Daten, die dort ausdr\u00fccklich oder automatisch erhoben werden. Bei Schwierigkeiten oder sonstigen Problemen in Zusammenhang mit Websites Dritter m\u00f6chten wir Sie bitten, sich direkt an diesen Dritten und nicht an WohnruambyLang zu wenden.<\/p>\n<h2 id=\"heading_Ihre_Rechte\"><strong>IHRE RECHTE<\/strong><\/h2>\n<p>Ihnen stehen grunds\u00e4tzlich die Rechte auf Auskunft, Berichtigung, L\u00f6schung, Einschr\u00e4nkung, Daten\u00fcbertragbarkeit, Widerruf und Widerspruch zu. Wenn Sie glauben, dass die Verarbeitung Ihrer Daten gegen das Datenschutzrecht verst\u00f6\u00dft oder Ihre datenschutzrechtlichen Anspr\u00fcche sonst in einer Weise verletzt worden sind, k\u00f6nnen Sie sich bei der Aufsichtsbeh\u00f6rde beschweren. In \u00d6sterreich ist dies die Datenschutzbeh\u00f6rde.<\/p>\n<h2 id=\"heading_Sie_erreichen_uns_unter_folgenden_Kontaktdaten_\"><strong>SIE ERREICHEN UNS UNTER FOLGENDEN KONTAKTDATEN<\/strong><\/h2>\n<p>Wohnraum by Lang e.U.<br \/>Pirching 95\/1,\u00a0A-8200 Gleisdorf<br \/>Tel: +43 664 822 39 15<br \/>E-Mail:\u00a0<a href=\"mailto:office@wohnraumbylang.at\">office@wohnraumbylang.at<\/a><br \/><a href=\"https:\/\/www.wohnraumbylang.at\/\">www.wohnraumbylang.at<\/a><\/p>\n<p>Unser Datenschutzbeauftragter steht f\u00fcr Fragen jederzeit zur Verf\u00fcgung:<br \/>G\u00fcnther Lang: Tel: +43 664 822 39 15,\u00a0E-Mail:\u00a0<a href=\"mailto:office@wohnraumbylang.at\">office@wohnraumbylang.at<\/a><\/p>\n","protected":false},"excerpt":{"rendered":"<p>Datenschutzerkl\u00e4rung Die Betreiber dieser Seiten nehmen den Schutz Ihrer pers\u00f6nlichen Daten sehr ernst. Wir behandeln Ihre personenbezogenen Daten vertraulich und entsprechend der gesetzlichen Datenschutzvorschriften (DSG, DSGVO, TKG 2003) sowie dieser Datenschutzerkl\u00e4rung. Verantwortlicher f\u00fcr die Datenverarbeitung istWohnraum by Lang e.U.Pirching 95\/1,\u00a0A-8200 GleisdorfTel: +43 664 822 39 15E-Mail:\u00a0office@wohnraumbylang.atwww.wohnraumbylang.at Die Nutzung unserer Website ist in der Regel ohne [&hellip;]<\/p>\n","protected":false},"author":1,"featured_media":0,"parent":0,"menu_order":0,"comment_status":"closed","ping_status":"closed","template":"elementor_header_footer","meta":{"ocean_post_layout":"full-width","ocean_both_sidebars_style":"","ocean_both_sidebars_content_width":0,"ocean_both_sidebars_sidebars_width":0,"ocean_sidebar":"0","ocean_second_sidebar":"0","ocean_disable_margins":"enable","ocean_add_body_class":"","ocean_shortcode_before_top_bar":"","ocean_shortcode_after_top_bar":"","ocean_shortcode_before_header":"","ocean_shortcode_after_header":"","ocean_has_shortcode":"","ocean_shortcode_after_title":"","ocean_shortcode_before_footer_widgets":"","ocean_shortcode_after_footer_widgets":"","ocean_shortcode_before_footer_bottom":"","ocean_shortcode_after_footer_bottom":"","ocean_display_top_bar":"off","ocean_display_header":"on","ocean_header_style":"","ocean_center_header_left_menu":"0","ocean_custom_header_template":"0","ocean_custom_logo":0,"ocean_custom_retina_logo":0,"ocean_custom_logo_max_width":0,"ocean_custom_logo_tablet_max_width":0,"ocean_custom_logo_mobile_max_width":0,"ocean_custom_logo_max_height":0,"ocean_custom_logo_tablet_max_height":0,"ocean_custom_logo_mobile_max_height":0,"ocean_header_custom_menu":"0","ocean_menu_typo_font_family":"0","ocean_menu_typo_font_subset":"","ocean_menu_typo_font_size":0,"ocean_menu_typo_font_size_tablet":0,"ocean_menu_typo_font_size_mobile":0,"ocean_menu_typo_font_size_unit":"px","ocean_menu_typo_font_weight":"","ocean_menu_typo_font_weight_tablet":"","ocean_menu_typo_font_weight_mobile":"","ocean_menu_typo_transform":"","ocean_menu_typo_transform_tablet":"","ocean_menu_typo_transform_mobile":"","ocean_menu_typo_line_height":0,"ocean_menu_typo_line_height_tablet":0,"ocean_menu_typo_line_height_mobile":0,"ocean_menu_typo_line_height_unit":"","ocean_menu_typo_spacing":0,"ocean_menu_typo_spacing_tablet":0,"ocean_menu_typo_spacing_mobile":0,"ocean_menu_typo_spacing_unit":"","ocean_menu_link_color":"","ocean_menu_link_color_hover":"","ocean_menu_link_color_active":"","ocean_menu_link_background":"","ocean_menu_link_hover_background":"","ocean_menu_link_active_background":"","ocean_menu_social_links_bg":"","ocean_menu_social_hover_links_bg":"","ocean_menu_social_links_color":"","ocean_menu_social_hover_links_color":"","ocean_disable_title":"on","ocean_disable_heading":"default","ocean_post_title":"","ocean_post_subheading":"","ocean_post_title_style":"","ocean_post_title_background_color":"","ocean_post_title_background":0,"ocean_post_title_bg_image_position":"","ocean_post_title_bg_image_attachment":"","ocean_post_title_bg_image_repeat":"","ocean_post_title_bg_image_size":"","ocean_post_title_height":0,"ocean_post_title_bg_overlay":0.5,"ocean_post_title_bg_overlay_color":"","ocean_disable_breadcrumbs":"default","ocean_breadcrumbs_color":"","ocean_breadcrumbs_separator_color":"","ocean_breadcrumbs_links_color":"","ocean_breadcrumbs_links_hover_color":"","ocean_display_footer_widgets":"off","ocean_display_footer_bottom":"on","ocean_custom_footer_template":"0","footnotes":""},"class_list":["post-29","page","type-page","status-publish","hentry","entry"],"yoast_head":"<!-- This site is optimized with the Yoast SEO plugin v27.3 - https:\/\/yoast.com\/product\/yoast-seo-wordpress\/ -->\n<title>Datenschutz - Wohnraumbylang<\/title>\n<meta name=\"robots\" content=\"noindex, follow, max-snippet:-1, max-image-preview:large, max-video-preview:-1\" \/>\n<meta property=\"og:locale\" content=\"de_DE\" \/>\n<meta property=\"og:type\" content=\"article\" \/>\n<meta property=\"og:title\" content=\"Datenschutz - Wohnraumbylang\" \/>\n<meta property=\"og:description\" content=\"Datenschutzerkl\u00e4rung Die Betreiber dieser Seiten nehmen den Schutz Ihrer pers\u00f6nlichen Daten sehr ernst. Wir behandeln Ihre personenbezogenen Daten vertraulich und entsprechend der gesetzlichen Datenschutzvorschriften (DSG, DSGVO, TKG 2003) sowie dieser Datenschutzerkl\u00e4rung. Verantwortlicher f\u00fcr die Datenverarbeitung istWohnraum by Lang e.U.Pirching 95\/1,\u00a0A-8200 GleisdorfTel: +43 664 822 39 15E-Mail:\u00a0office@wohnraumbylang.atwww.wohnraumbylang.at Die Nutzung unserer Website ist in der Regel ohne [&hellip;]\" \/>\n<meta property=\"og:url\" content=\"https:\/\/www.wohnraumbylang.at\/?page_id=29\" \/>\n<meta property=\"og:site_name\" content=\"Wohnraumbylang\" \/>\n<meta property=\"article:modified_time\" content=\"2022-02-23T18:29:48+00:00\" \/>\n<meta name=\"twitter:card\" content=\"summary_large_image\" \/>\n<meta name=\"twitter:label1\" content=\"Gesch\u00e4tzte Lesezeit\" \/>\n\t<meta name=\"twitter:data1\" content=\"6\u00a0Minuten\" \/>\n<script type=\"application\/ld+json\" class=\"yoast-schema-graph\">{\"@context\":\"https:\\\/\\\/schema.org\",\"@graph\":[{\"@type\":\"WebPage\",\"@id\":\"https:\\\/\\\/www.wohnraumbylang.at\\\/?page_id=29\",\"url\":\"https:\\\/\\\/www.wohnraumbylang.at\\\/?page_id=29\",\"name\":\"Datenschutz - Wohnraumbylang\",\"isPartOf\":{\"@id\":\"https:\\\/\\\/www.wohnraumbylang.at\\\/#website\"},\"datePublished\":\"2022-01-24T19:47:58+00:00\",\"dateModified\":\"2022-02-23T18:29:48+00:00\",\"breadcrumb\":{\"@id\":\"https:\\\/\\\/www.wohnraumbylang.at\\\/?page_id=29#breadcrumb\"},\"inLanguage\":\"de\",\"potentialAction\":[{\"@type\":\"ReadAction\",\"target\":[\"https:\\\/\\\/www.wohnraumbylang.at\\\/?page_id=29\"]}]},{\"@type\":\"BreadcrumbList\",\"@id\":\"https:\\\/\\\/www.wohnraumbylang.at\\\/?page_id=29#breadcrumb\",\"itemListElement\":[{\"@type\":\"ListItem\",\"position\":1,\"name\":\"Startseite\",\"item\":\"https:\\\/\\\/www.wohnraumbylang.at\\\/\"},{\"@type\":\"ListItem\",\"position\":2,\"name\":\"Datenschutz\"}]},{\"@type\":\"WebSite\",\"@id\":\"https:\\\/\\\/www.wohnraumbylang.at\\\/#website\",\"url\":\"https:\\\/\\\/www.wohnraumbylang.at\\\/\",\"name\":\"Wohnraumbylang\",\"description\":\"Montageservice f\u00fcr Einbauk\u00fcchen und mehr\",\"publisher\":{\"@id\":\"https:\\\/\\\/www.wohnraumbylang.at\\\/#organization\"},\"potentialAction\":[{\"@type\":\"SearchAction\",\"target\":{\"@type\":\"EntryPoint\",\"urlTemplate\":\"https:\\\/\\\/www.wohnraumbylang.at\\\/?s={search_term_string}\"},\"query-input\":{\"@type\":\"PropertyValueSpecification\",\"valueRequired\":true,\"valueName\":\"search_term_string\"}}],\"inLanguage\":\"de\"},{\"@type\":\"Organization\",\"@id\":\"https:\\\/\\\/www.wohnraumbylang.at\\\/#organization\",\"name\":\"Wohnraumbylang\",\"url\":\"https:\\\/\\\/www.wohnraumbylang.at\\\/\",\"logo\":{\"@type\":\"ImageObject\",\"inLanguage\":\"de\",\"@id\":\"https:\\\/\\\/www.wohnraumbylang.at\\\/#\\\/schema\\\/logo\\\/image\\\/\",\"url\":\"https:\\\/\\\/www.wohnraumbylang.at\\\/wp-content\\\/uploads\\\/2022\\\/01\\\/wohnraumbylang.jpg\",\"contentUrl\":\"https:\\\/\\\/www.wohnraumbylang.at\\\/wp-content\\\/uploads\\\/2022\\\/01\\\/wohnraumbylang.jpg\",\"width\":1000,\"height\":203,\"caption\":\"Wohnraumbylang\"},\"image\":{\"@id\":\"https:\\\/\\\/www.wohnraumbylang.at\\\/#\\\/schema\\\/logo\\\/image\\\/\"}}]}<\/script>\n<!-- \/ Yoast SEO plugin. -->","yoast_head_json":{"title":"Datenschutz - Wohnraumbylang","robots":{"index":"noindex","follow":"follow","max-snippet":"max-snippet:-1","max-image-preview":"max-image-preview:large","max-video-preview":"max-video-preview:-1"},"og_locale":"de_DE","og_type":"article","og_title":"Datenschutz - Wohnraumbylang","og_description":"Datenschutzerkl\u00e4rung Die Betreiber dieser Seiten nehmen den Schutz Ihrer pers\u00f6nlichen Daten sehr ernst. Wir behandeln Ihre personenbezogenen Daten vertraulich und entsprechend der gesetzlichen Datenschutzvorschriften (DSG, DSGVO, TKG 2003) sowie dieser Datenschutzerkl\u00e4rung. Verantwortlicher f\u00fcr die Datenverarbeitung istWohnraum by Lang e.U.Pirching 95\/1,\u00a0A-8200 GleisdorfTel: +43 664 822 39 15E-Mail:\u00a0office@wohnraumbylang.atwww.wohnraumbylang.at Die Nutzung unserer Website ist in der Regel ohne [&hellip;]","og_url":"https:\/\/www.wohnraumbylang.at\/?page_id=29","og_site_name":"Wohnraumbylang","article_modified_time":"2022-02-23T18:29:48+00:00","twitter_card":"summary_large_image","twitter_misc":{"Gesch\u00e4tzte Lesezeit":"6\u00a0Minuten"},"schema":{"@context":"https:\/\/schema.org","@graph":[{"@type":"WebPage","@id":"https:\/\/www.wohnraumbylang.at\/?page_id=29","url":"https:\/\/www.wohnraumbylang.at\/?page_id=29","name":"Datenschutz - Wohnraumbylang","isPartOf":{"@id":"https:\/\/www.wohnraumbylang.at\/#website"},"datePublished":"2022-01-24T19:47:58+00:00","dateModified":"2022-02-23T18:29:48+00:00","breadcrumb":{"@id":"https:\/\/www.wohnraumbylang.at\/?page_id=29#breadcrumb"},"inLanguage":"de","potentialAction":[{"@type":"ReadAction","target":["https:\/\/www.wohnraumbylang.at\/?page_id=29"]}]},{"@type":"BreadcrumbList","@id":"https:\/\/www.wohnraumbylang.at\/?page_id=29#breadcrumb","itemListElement":[{"@type":"ListItem","position":1,"name":"Startseite","item":"https:\/\/www.wohnraumbylang.at\/"},{"@type":"ListItem","position":2,"name":"Datenschutz"}]},{"@type":"WebSite","@id":"https:\/\/www.wohnraumbylang.at\/#website","url":"https:\/\/www.wohnraumbylang.at\/","name":"Wohnraumbylang","description":"Montageservice f\u00fcr Einbauk\u00fcchen und mehr","publisher":{"@id":"https:\/\/www.wohnraumbylang.at\/#organization"},"potentialAction":[{"@type":"SearchAction","target":{"@type":"EntryPoint","urlTemplate":"https:\/\/www.wohnraumbylang.at\/?s={search_term_string}"},"query-input":{"@type":"PropertyValueSpecification","valueRequired":true,"valueName":"search_term_string"}}],"inLanguage":"de"},{"@type":"Organization","@id":"https:\/\/www.wohnraumbylang.at\/#organization","name":"Wohnraumbylang","url":"https:\/\/www.wohnraumbylang.at\/","logo":{"@type":"ImageObject","inLanguage":"de","@id":"https:\/\/www.wohnraumbylang.at\/#\/schema\/logo\/image\/","url":"https:\/\/www.wohnraumbylang.at\/wp-content\/uploads\/2022\/01\/wohnraumbylang.jpg","contentUrl":"https:\/\/www.wohnraumbylang.at\/wp-content\/uploads\/2022\/01\/wohnraumbylang.jpg","width":1000,"height":203,"caption":"Wohnraumbylang"},"image":{"@id":"https:\/\/www.wohnraumbylang.at\/#\/schema\/logo\/image\/"}}]}},"_links":{"self":[{"href":"https:\/\/www.wohnraumbylang.at\/index.php?rest_route=\/wp\/v2\/pages\/29","targetHints":{"allow":["GET"]}}],"collection":[{"href":"https:\/\/www.wohnraumbylang.at\/index.php?rest_route=\/wp\/v2\/pages"}],"about":[{"href":"https:\/\/www.wohnraumbylang.at\/index.php?rest_route=\/wp\/v2\/types\/page"}],"author":[{"embeddable":true,"href":"https:\/\/www.wohnraumbylang.at\/index.php?rest_route=\/wp\/v2\/users\/1"}],"replies":[{"embeddable":true,"href":"https:\/\/www.wohnraumbylang.at\/index.php?rest_route=%2Fwp%2Fv2%2Fcomments&post=29"}],"version-history":[{"count":14,"href":"https:\/\/www.wohnraumbylang.at\/index.php?rest_route=\/wp\/v2\/pages\/29\/revisions"}],"predecessor-version":[{"id":341,"href":"https:\/\/www.wohnraumbylang.at\/index.php?rest_route=\/wp\/v2\/pages\/29\/revisions\/341"}],"wp:attachment":[{"href":"https:\/\/www.wohnraumbylang.at\/index.php?rest_route=%2Fwp%2Fv2%2Fmedia&parent=29"}],"curies":[{"name":"wp","href":"https:\/\/api.w.org\/{rel}","templated":true}]}}